{"id":3488,"date":"2018-10-28T10:16:19","date_gmt":"2018-10-28T10:16:19","guid":{"rendered":"https:\/\/barberry.temashdesign.me\/furniture\/?page_id=3488"},"modified":"2022-12-03T09:19:18","modified_gmt":"2022-12-03T09:19:18","slug":"home-classic","status":"publish","type":"page","link":"https:\/\/fomedu.com\/index.php\/home-classic\/","title":{"rendered":"Home &#8211; Classic eCommerce"},"content":{"rendered":"<section class=\"wpb-content-wrapper\"><p>[vc_row full_width=&#8221;stretch_row_content_no_spaces&#8221; el_class=&#8221;home-slider&#8221;][vc_column][vc_row_inner][vc_column_inner offset=&#8221;vc_hidden-sm vc_hidden-xs&#8221;][vc_empty_space height=&#8221;4vw&#8221;][\/vc_column_inner][\/vc_row_inner][vc_row_inner][vc_column_inner offset=&#8221;vc_hidden-lg vc_hidden-md&#8221;][vc_empty_space height=&#8221;40px&#8221;][\/vc_column_inner][\/vc_row_inner][\/vc_column][\/vc_row][vc_row full_width=&#8221;stretch_row&#8221; css_animation=&#8221;none&#8221;][vc_column css_animation=&#8221;none&#8221;]<div class=\"woocommerce columns-4\"><div class=\"grid-container\">\n\t<div class=\"grid-x grid-margin-x\">\n\t\t<div class=\"cell large-12\">\n\t\t\t<ul class=\"products columns-4 category-grid-layout-1 product-grid-layout-1 \">\n<li class=\"product-category product first\">\n\n\t<!-- begin category_wrapper -->\n\t<div class=\"category_wrapper\">\n\n\t\t<a aria-label=\"Konferans Salon Koltuklar\u0131 \u00fcr\u00fcn kategorisini ziyaret et\" href=\"https:\/\/fomedu.com\/index.php\/product-category\/konferans-salon-koltuklari\/\">\t\t\n\t\t<!-- begin category_image -->\n\t\t<div class=\"category_image\">\n\t\t\t<a href=\"https:\/\/fomedu.com\/index.php\/product-category\/konferans-salon-koltuklari\/\" class=\"category-image\">\n\t\t\t\t<img loading=\"lazy\" decoding=\"async\" src=\"https:\/\/fomedu.com\/wp-content\/uploads\/2018\/07\/product-img-01-300x300.jpg\" alt=\"Konferans Salon Koltuklar\u0131\" width=\"300\" height=\"300\" srcset=\"https:\/\/fomedu.com\/wp-content\/uploads\/2018\/07\/product-img-01-300x300.jpg 300w, https:\/\/fomedu.com\/wp-content\/uploads\/2018\/07\/product-img-01-200x200.jpg 200w, https:\/\/fomedu.com\/wp-content\/uploads\/2018\/07\/product-img-01-150x150.jpg 150w\" sizes=\"auto, (max-width: 300px) 100vw, 300px\" \/>\t\n\t\t\t<\/a>\n\t\t<\/div>\n\t\t<!-- end category_image -->\n\n\t\t<!-- begin category_details -->\n\t\t\t<div class=\"category_details\">\n\n\t\t\t<a href=\"https:\/\/fomedu.com\/index.php\/product-category\/konferans-salon-koltuklari\/\">\n\n\t\t\t\t\n\t\t\t\t<div class=\"more-products\">52 \u00fcr\u00fcn<\/div>\n\n\t\t\t\t<h2 class=\"category-title\">\n\t\t\t\t\tKonferans Salon Koltuklar\u0131\t\t\t\t\n\t\t\t\t<\/h2>\n\n\n\t\t\t<\/a>\t\t\t\n\n\t\t\t\t\t\t\n\t\t<\/div>\n\t\t<!-- end category_details -->\t\n\n\t\t<\/a>\n\t<\/div>\n\t<!-- end category_wrapper -->\n\n<\/li>\n<li class=\"product-category product\">\n\n\t<!-- begin category_wrapper -->\n\t<div class=\"category_wrapper\">\n\n\t\t<a aria-label=\"Ofis Mobilyalar\u0131 \u00fcr\u00fcn kategorisini ziyaret et\" href=\"https:\/\/fomedu.com\/index.php\/product-category\/ofis-mobilyalari\/\">\t\t\n\t\t<!-- begin category_image -->\n\t\t<div class=\"category_image\">\n\t\t\t<a href=\"https:\/\/fomedu.com\/index.php\/product-category\/ofis-mobilyalari\/\" class=\"category-image\">\n\t\t\t\t<img loading=\"lazy\" decoding=\"async\" src=\"https:\/\/fomedu.com\/wp-content\/uploads\/2018\/07\/product-img-03-300x300.jpg\" alt=\"Ofis Mobilyalar\u0131\" width=\"300\" height=\"300\" srcset=\"https:\/\/fomedu.com\/wp-content\/uploads\/2018\/07\/product-img-03-300x300.jpg 300w, https:\/\/fomedu.com\/wp-content\/uploads\/2018\/07\/product-img-03-200x200.jpg 200w, https:\/\/fomedu.com\/wp-content\/uploads\/2018\/07\/product-img-03-150x150.jpg 150w\" sizes=\"auto, (max-width: 300px) 100vw, 300px\" \/>\t\n\t\t\t<\/a>\n\t\t<\/div>\n\t\t<!-- end category_image -->\n\n\t\t<!-- begin category_details -->\n\t\t\t<div class=\"category_details\">\n\n\t\t\t<a href=\"https:\/\/fomedu.com\/index.php\/product-category\/ofis-mobilyalari\/\">\n\n\t\t\t\t\n\t\t\t\t<div class=\"more-products\">23 \u00fcr\u00fcn<\/div>\n\n\t\t\t\t<h2 class=\"category-title\">\n\t\t\t\t\tOfis Mobilyalar\u0131\t\t\t\t\n\t\t\t\t<\/h2>\n\n\n\t\t\t<\/a>\t\t\t\n\n\t\t\t\t\t\t\n\t\t<\/div>\n\t\t<!-- end category_details -->\t\n\n\t\t<\/a>\n\t<\/div>\n\t<!-- end category_wrapper -->\n\n<\/li>\n<li class=\"product-category product\">\n\n\t<!-- begin category_wrapper -->\n\t<div class=\"category_wrapper\">\n\n\t\t<a aria-label=\"Okul Mobilyalar\u0131 \u00fcr\u00fcn kategorisini ziyaret et\" href=\"https:\/\/fomedu.com\/index.php\/product-category\/okul-mobilyalari\/\">\t\t\n\t\t<!-- begin category_image -->\n\t\t<div class=\"category_image\">\n\t\t\t<a href=\"https:\/\/fomedu.com\/index.php\/product-category\/okul-mobilyalari\/\" class=\"category-image\">\n\t\t\t\t<img loading=\"lazy\" decoding=\"async\" src=\"https:\/\/fomedu.com\/wp-content\/uploads\/2018\/07\/product-img-00-300x300.jpg\" alt=\"Okul Mobilyalar\u0131\" width=\"300\" height=\"300\" srcset=\"https:\/\/fomedu.com\/wp-content\/uploads\/2018\/07\/product-img-00-300x300.jpg 300w, https:\/\/fomedu.com\/wp-content\/uploads\/2018\/07\/product-img-00-200x200.jpg 200w, https:\/\/fomedu.com\/wp-content\/uploads\/2018\/07\/product-img-00-150x150.jpg 150w\" sizes=\"auto, (max-width: 300px) 100vw, 300px\" \/>\t\n\t\t\t<\/a>\n\t\t<\/div>\n\t\t<!-- end category_image -->\n\n\t\t<!-- begin category_details -->\n\t\t\t<div class=\"category_details\">\n\n\t\t\t<a href=\"https:\/\/fomedu.com\/index.php\/product-category\/okul-mobilyalari\/\">\n\n\t\t\t\t\n\t\t\t\t<div class=\"more-products\">42 \u00fcr\u00fcn<\/div>\n\n\t\t\t\t<h2 class=\"category-title\">\n\t\t\t\t\tOkul Mobilyalar\u0131\t\t\t\t\n\t\t\t\t<\/h2>\n\n\n\t\t\t<\/a>\t\t\t\n\n\t\t\t\t\t\t\n\t\t<\/div>\n\t\t<!-- end category_details -->\t\n\n\t\t<\/a>\n\t<\/div>\n\t<!-- end category_wrapper -->\n\n<\/li>\n<li class=\"product-category product last\">\n\n\t<!-- begin category_wrapper -->\n\t<div class=\"category_wrapper\">\n\n\t\t<a aria-label=\"Ofis Sandalyeler \u00fcr\u00fcn kategorisini ziyaret et\" href=\"https:\/\/fomedu.com\/index.php\/product-category\/ofis-sandalyeler\/\">\t\t\n\t\t<!-- begin category_image -->\n\t\t<div class=\"category_image\">\n\t\t\t<a href=\"https:\/\/fomedu.com\/index.php\/product-category\/ofis-sandalyeler\/\" class=\"category-image\">\n\t\t\t\t<img loading=\"lazy\" decoding=\"async\" src=\"https:\/\/fomedu.com\/wp-content\/themes\/fomed\/images\/placeholder.jpg\" alt=\"Ofis Sandalyeler\" width=\"300\" height=\"300\" \/>\t\n\t\t\t<\/a>\n\t\t<\/div>\n\t\t<!-- end category_image -->\n\n\t\t<!-- begin category_details -->\n\t\t\t<div class=\"category_details\">\n\n\t\t\t<a href=\"https:\/\/fomedu.com\/index.php\/product-category\/ofis-sandalyeler\/\">\n\n\t\t\t\t\n\t\t\t\t<div class=\"more-products\">33 \u00fcr\u00fcn<\/div>\n\n\t\t\t\t<h2 class=\"category-title\">\n\t\t\t\t\tOfis Sandalyeler\t\t\t\t\n\t\t\t\t<\/h2>\n\n\n\t\t\t<\/a>\t\t\t\n\n\t\t\t\t\t\t\n\t\t<\/div>\n\t\t<!-- end category_details -->\t\n\n\t\t<\/a>\n\t<\/div>\n\t<!-- end category_wrapper -->\n\n<\/li>\n\t\t\t<\/ul>\n\t\t<\/div><!-- .cell -->\n    <\/div><!-- .grid-x -->\n<\/div><!-- .grid-container --><\/div>[\/vc_column][\/vc_row][vc_row full_width=&#8221;stretch_row&#8221; css_animation=&#8221;none&#8221;][vc_column css_animation=&#8221;none&#8221;][vc_custom_heading text=&#8221;Recent Products&#8221; font_container=&#8221;tag:h3|text_align:center&#8221; use_theme_fonts=&#8221;yes&#8221; css=&#8221;.vc_custom_1541512558503{margin-bottom: 0px !important;}&#8221;][vc_column_text]<\/p>\n<p style=\"text-align: center;\"><span style=\"color: #666666;\">Recent posuere neque eu lectus ultrices<\/span><\/p>\n<p>[\/vc_column_text][vc_empty_space height=&#8221;20px&#8221;]<div class=\"woocommerce columns-4 \"><div class=\"grid-container\">\n\t<div class=\"grid-x grid-margin-x\">\n\t\t<div class=\"cell large-12\">\n\t\t\t<ul class=\"products columns-4 category-grid-layout-1 product-grid-layout-1 \">\n\n<li class=\"product type-product post-4520 status-publish first instock product_cat-bekleme-koltuk-gruplari product_cat-ofis-sandalyeler has-post-thumbnail shipping-taxable product-type-simple\">\n\t<a href=\"https:\/\/fomedu.com\/index.php\/product\/chr033\/\" class=\"woocommerce-LoopProduct-link woocommerce-loop-product__link\">\n\t<div class=\"product-inner\">\n\n\n\t\t<div class=\"product-image\">\n\t\t\t<img loading=\"lazy\" decoding=\"async\" width=\"300\" height=\"300\" src=\"https:\/\/fomedu.com\/wp-content\/uploads\/2023\/08\/chr-33-300x300.jpg\" class=\"attachment-woocommerce_thumbnail size-woocommerce_thumbnail\" alt=\"\" srcset=\"https:\/\/fomedu.com\/wp-content\/uploads\/2023\/08\/chr-33-300x300.jpg 300w, https:\/\/fomedu.com\/wp-content\/uploads\/2023\/08\/chr-33-1024x1024.jpg 1024w, https:\/\/fomedu.com\/wp-content\/uploads\/2023\/08\/chr-33-150x150.jpg 150w, https:\/\/fomedu.com\/wp-content\/uploads\/2023\/08\/chr-33-768x768.jpg 768w, https:\/\/fomedu.com\/wp-content\/uploads\/2023\/08\/chr-33-800x800.jpg 800w, https:\/\/fomedu.com\/wp-content\/uploads\/2023\/08\/chr-33-1000x1000.jpg 1000w, https:\/\/fomedu.com\/wp-content\/uploads\/2023\/08\/chr-33-600x600.jpg 600w, https:\/\/fomedu.com\/wp-content\/uploads\/2023\/08\/chr-33-200x200.jpg 200w, https:\/\/fomedu.com\/wp-content\/uploads\/2023\/08\/chr-33.jpg 1200w\" sizes=\"auto, (max-width: 300px) 100vw, 300px\" \/>\t\t<\/div>\n\n\t\t<div class=\"product-details-wrapper\">\n\n\t\t\t<div class=\"product-details\">\n\n\n\t\t\t\t<h2 class=\"woocommerce-loop-product__title\">Chr033<\/h2>\n<\/a>\n\t\t\t<\/div>\n\n\t\t<\/div>\n\n\t<\/div>\n\n<\/li>\n\n<li class=\"product type-product post-4519 status-publish instock product_cat-bekleme-koltuk-gruplari product_cat-ofis-sandalyeler has-post-thumbnail shipping-taxable product-type-simple\">\n\t<a href=\"https:\/\/fomedu.com\/index.php\/product\/chr032\/\" class=\"woocommerce-LoopProduct-link woocommerce-loop-product__link\">\n\t<div class=\"product-inner\">\n\n\n\t\t<div class=\"product-image\">\n\t\t\t<img loading=\"lazy\" decoding=\"async\" width=\"300\" height=\"300\" src=\"https:\/\/fomedu.com\/wp-content\/uploads\/2023\/08\/chr-32-300x300.jpg\" class=\"attachment-woocommerce_thumbnail size-woocommerce_thumbnail\" alt=\"\" srcset=\"https:\/\/fomedu.com\/wp-content\/uploads\/2023\/08\/chr-32-300x300.jpg 300w, https:\/\/fomedu.com\/wp-content\/uploads\/2023\/08\/chr-32-1024x1024.jpg 1024w, https:\/\/fomedu.com\/wp-content\/uploads\/2023\/08\/chr-32-150x150.jpg 150w, https:\/\/fomedu.com\/wp-content\/uploads\/2023\/08\/chr-32-768x768.jpg 768w, https:\/\/fomedu.com\/wp-content\/uploads\/2023\/08\/chr-32-800x800.jpg 800w, https:\/\/fomedu.com\/wp-content\/uploads\/2023\/08\/chr-32-1000x1000.jpg 1000w, https:\/\/fomedu.com\/wp-content\/uploads\/2023\/08\/chr-32-600x600.jpg 600w, https:\/\/fomedu.com\/wp-content\/uploads\/2023\/08\/chr-32-200x200.jpg 200w, https:\/\/fomedu.com\/wp-content\/uploads\/2023\/08\/chr-32.jpg 1200w\" sizes=\"auto, (max-width: 300px) 100vw, 300px\" \/>\t\t<\/div>\n\n\t\t<div class=\"product-details-wrapper\">\n\n\t\t\t<div class=\"product-details\">\n\n\n\t\t\t\t<h2 class=\"woocommerce-loop-product__title\">Chr032<\/h2>\n<\/a>\n\t\t\t<\/div>\n\n\t\t<\/div>\n\n\t<\/div>\n\n<\/li>\n\n<li class=\"product type-product post-4518 status-publish instock product_cat-kanepe-gruplari product_cat-ofis-sandalyeler has-post-thumbnail shipping-taxable product-type-simple\">\n\t<a href=\"https:\/\/fomedu.com\/index.php\/product\/chr031\/\" class=\"woocommerce-LoopProduct-link woocommerce-loop-product__link\">\n\t<div class=\"product-inner\">\n\n\n\t\t<div class=\"product-image\">\n\t\t\t<img loading=\"lazy\" decoding=\"async\" width=\"300\" height=\"300\" src=\"https:\/\/fomedu.com\/wp-content\/uploads\/2023\/08\/chr-31-300x300.jpg\" class=\"attachment-woocommerce_thumbnail size-woocommerce_thumbnail\" alt=\"\" srcset=\"https:\/\/fomedu.com\/wp-content\/uploads\/2023\/08\/chr-31-300x300.jpg 300w, https:\/\/fomedu.com\/wp-content\/uploads\/2023\/08\/chr-31-1024x1024.jpg 1024w, https:\/\/fomedu.com\/wp-content\/uploads\/2023\/08\/chr-31-150x150.jpg 150w, https:\/\/fomedu.com\/wp-content\/uploads\/2023\/08\/chr-31-768x768.jpg 768w, https:\/\/fomedu.com\/wp-content\/uploads\/2023\/08\/chr-31-800x800.jpg 800w, https:\/\/fomedu.com\/wp-content\/uploads\/2023\/08\/chr-31-1000x1000.jpg 1000w, https:\/\/fomedu.com\/wp-content\/uploads\/2023\/08\/chr-31-600x600.jpg 600w, https:\/\/fomedu.com\/wp-content\/uploads\/2023\/08\/chr-31-200x200.jpg 200w, https:\/\/fomedu.com\/wp-content\/uploads\/2023\/08\/chr-31.jpg 1200w\" sizes=\"auto, (max-width: 300px) 100vw, 300px\" \/>\t\t<\/div>\n\n\t\t<div class=\"product-details-wrapper\">\n\n\t\t\t<div class=\"product-details\">\n\n\n\t\t\t\t<h2 class=\"woocommerce-loop-product__title\">Chr031<\/h2>\n<\/a>\n\t\t\t<\/div>\n\n\t\t<\/div>\n\n\t<\/div>\n\n<\/li>\n\n<li class=\"product type-product post-4517 status-publish last instock product_cat-kanepe-gruplari product_cat-ofis-sandalyeler has-post-thumbnail shipping-taxable product-type-simple\">\n\t<a href=\"https:\/\/fomedu.com\/index.php\/product\/chr030\/\" class=\"woocommerce-LoopProduct-link woocommerce-loop-product__link\">\n\t<div class=\"product-inner\">\n\n\n\t\t<div class=\"product-image\">\n\t\t\t<img loading=\"lazy\" decoding=\"async\" width=\"300\" height=\"300\" src=\"https:\/\/fomedu.com\/wp-content\/uploads\/2023\/08\/chr-30-300x300.jpg\" class=\"attachment-woocommerce_thumbnail size-woocommerce_thumbnail\" alt=\"\" srcset=\"https:\/\/fomedu.com\/wp-content\/uploads\/2023\/08\/chr-30-300x300.jpg 300w, https:\/\/fomedu.com\/wp-content\/uploads\/2023\/08\/chr-30-1024x1024.jpg 1024w, https:\/\/fomedu.com\/wp-content\/uploads\/2023\/08\/chr-30-150x150.jpg 150w, https:\/\/fomedu.com\/wp-content\/uploads\/2023\/08\/chr-30-768x768.jpg 768w, https:\/\/fomedu.com\/wp-content\/uploads\/2023\/08\/chr-30-800x800.jpg 800w, https:\/\/fomedu.com\/wp-content\/uploads\/2023\/08\/chr-30-1000x1000.jpg 1000w, https:\/\/fomedu.com\/wp-content\/uploads\/2023\/08\/chr-30-600x600.jpg 600w, https:\/\/fomedu.com\/wp-content\/uploads\/2023\/08\/chr-30-200x200.jpg 200w, https:\/\/fomedu.com\/wp-content\/uploads\/2023\/08\/chr-30.jpg 1200w\" sizes=\"auto, (max-width: 300px) 100vw, 300px\" \/>\t\t<\/div>\n\n\t\t<div class=\"product-details-wrapper\">\n\n\t\t\t<div class=\"product-details\">\n\n\n\t\t\t\t<h2 class=\"woocommerce-loop-product__title\">Chr030<\/h2>\n<\/a>\n\t\t\t<\/div>\n\n\t\t<\/div>\n\n\t<\/div>\n\n<\/li>\n\n<li class=\"product type-product post-4516 status-publish first instock product_cat-bekleme-koltuk-gruplari product_cat-ofis-sandalyeler has-post-thumbnail shipping-taxable product-type-simple\">\n\t<a href=\"https:\/\/fomedu.com\/index.php\/product\/chr029\/\" class=\"woocommerce-LoopProduct-link woocommerce-loop-product__link\">\n\t<div class=\"product-inner\">\n\n\n\t\t<div class=\"product-image\">\n\t\t\t<img loading=\"lazy\" decoding=\"async\" width=\"300\" height=\"300\" src=\"https:\/\/fomedu.com\/wp-content\/uploads\/2023\/08\/chr-29-300x300.jpg\" class=\"attachment-woocommerce_thumbnail size-woocommerce_thumbnail\" alt=\"\" srcset=\"https:\/\/fomedu.com\/wp-content\/uploads\/2023\/08\/chr-29-300x300.jpg 300w, https:\/\/fomedu.com\/wp-content\/uploads\/2023\/08\/chr-29-1024x1024.jpg 1024w, https:\/\/fomedu.com\/wp-content\/uploads\/2023\/08\/chr-29-150x150.jpg 150w, https:\/\/fomedu.com\/wp-content\/uploads\/2023\/08\/chr-29-768x768.jpg 768w, https:\/\/fomedu.com\/wp-content\/uploads\/2023\/08\/chr-29-800x800.jpg 800w, https:\/\/fomedu.com\/wp-content\/uploads\/2023\/08\/chr-29-1000x1000.jpg 1000w, https:\/\/fomedu.com\/wp-content\/uploads\/2023\/08\/chr-29-600x600.jpg 600w, https:\/\/fomedu.com\/wp-content\/uploads\/2023\/08\/chr-29-200x200.jpg 200w, https:\/\/fomedu.com\/wp-content\/uploads\/2023\/08\/chr-29.jpg 1200w\" sizes=\"auto, (max-width: 300px) 100vw, 300px\" \/>\t\t<\/div>\n\n\t\t<div class=\"product-details-wrapper\">\n\n\t\t\t<div class=\"product-details\">\n\n\n\t\t\t\t<h2 class=\"woocommerce-loop-product__title\">Chr029<\/h2>\n<\/a>\n\t\t\t<\/div>\n\n\t\t<\/div>\n\n\t<\/div>\n\n<\/li>\n\n<li class=\"product type-product post-4515 status-publish instock product_cat-kanepe-gruplari product_cat-ofis-sandalyeler has-post-thumbnail shipping-taxable product-type-simple\">\n\t<a href=\"https:\/\/fomedu.com\/index.php\/product\/chr028\/\" class=\"woocommerce-LoopProduct-link woocommerce-loop-product__link\">\n\t<div class=\"product-inner\">\n\n\n\t\t<div class=\"product-image\">\n\t\t\t<img loading=\"lazy\" decoding=\"async\" width=\"300\" height=\"300\" src=\"https:\/\/fomedu.com\/wp-content\/uploads\/2023\/08\/chr-28-300x300.jpg\" class=\"attachment-woocommerce_thumbnail size-woocommerce_thumbnail\" alt=\"\" srcset=\"https:\/\/fomedu.com\/wp-content\/uploads\/2023\/08\/chr-28-300x300.jpg 300w, https:\/\/fomedu.com\/wp-content\/uploads\/2023\/08\/chr-28-1024x1024.jpg 1024w, https:\/\/fomedu.com\/wp-content\/uploads\/2023\/08\/chr-28-150x150.jpg 150w, https:\/\/fomedu.com\/wp-content\/uploads\/2023\/08\/chr-28-768x768.jpg 768w, https:\/\/fomedu.com\/wp-content\/uploads\/2023\/08\/chr-28-800x800.jpg 800w, https:\/\/fomedu.com\/wp-content\/uploads\/2023\/08\/chr-28-1000x1000.jpg 1000w, https:\/\/fomedu.com\/wp-content\/uploads\/2023\/08\/chr-28-600x600.jpg 600w, https:\/\/fomedu.com\/wp-content\/uploads\/2023\/08\/chr-28-200x200.jpg 200w, https:\/\/fomedu.com\/wp-content\/uploads\/2023\/08\/chr-28.jpg 1200w\" sizes=\"auto, (max-width: 300px) 100vw, 300px\" \/>\t\t<\/div>\n\n\t\t<div class=\"product-details-wrapper\">\n\n\t\t\t<div class=\"product-details\">\n\n\n\t\t\t\t<h2 class=\"woocommerce-loop-product__title\">Chr028<\/h2>\n<\/a>\n\t\t\t<\/div>\n\n\t\t<\/div>\n\n\t<\/div>\n\n<\/li>\n\n<li class=\"product type-product post-4514 status-publish instock product_cat-kanepe-gruplari product_cat-ofis-sandalyeler has-post-thumbnail shipping-taxable product-type-simple\">\n\t<a href=\"https:\/\/fomedu.com\/index.php\/product\/chr027\/\" class=\"woocommerce-LoopProduct-link woocommerce-loop-product__link\">\n\t<div class=\"product-inner\">\n\n\n\t\t<div class=\"product-image\">\n\t\t\t<img loading=\"lazy\" decoding=\"async\" width=\"300\" height=\"300\" src=\"https:\/\/fomedu.com\/wp-content\/uploads\/2023\/08\/chr-27-300x300.jpg\" class=\"attachment-woocommerce_thumbnail size-woocommerce_thumbnail\" alt=\"\" srcset=\"https:\/\/fomedu.com\/wp-content\/uploads\/2023\/08\/chr-27-300x300.jpg 300w, https:\/\/fomedu.com\/wp-content\/uploads\/2023\/08\/chr-27-1024x1024.jpg 1024w, https:\/\/fomedu.com\/wp-content\/uploads\/2023\/08\/chr-27-150x150.jpg 150w, https:\/\/fomedu.com\/wp-content\/uploads\/2023\/08\/chr-27-768x768.jpg 768w, https:\/\/fomedu.com\/wp-content\/uploads\/2023\/08\/chr-27-800x800.jpg 800w, https:\/\/fomedu.com\/wp-content\/uploads\/2023\/08\/chr-27-1000x1000.jpg 1000w, https:\/\/fomedu.com\/wp-content\/uploads\/2023\/08\/chr-27-600x600.jpg 600w, https:\/\/fomedu.com\/wp-content\/uploads\/2023\/08\/chr-27-200x200.jpg 200w, https:\/\/fomedu.com\/wp-content\/uploads\/2023\/08\/chr-27.jpg 1200w\" sizes=\"auto, (max-width: 300px) 100vw, 300px\" \/>\t\t<\/div>\n\n\t\t<div class=\"product-details-wrapper\">\n\n\t\t\t<div class=\"product-details\">\n\n\n\t\t\t\t<h2 class=\"woocommerce-loop-product__title\">Chr027<\/h2>\n<\/a>\n\t\t\t<\/div>\n\n\t\t<\/div>\n\n\t<\/div>\n\n<\/li>\n\n<li class=\"product type-product post-4513 status-publish last instock product_cat-kanepe-gruplari product_cat-ofis-sandalyeler has-post-thumbnail shipping-taxable product-type-simple\">\n\t<a href=\"https:\/\/fomedu.com\/index.php\/product\/chr026\/\" class=\"woocommerce-LoopProduct-link woocommerce-loop-product__link\">\n\t<div class=\"product-inner\">\n\n\n\t\t<div class=\"product-image\">\n\t\t\t<img loading=\"lazy\" decoding=\"async\" width=\"300\" height=\"300\" src=\"https:\/\/fomedu.com\/wp-content\/uploads\/2023\/08\/chr-26-300x300.jpg\" class=\"attachment-woocommerce_thumbnail size-woocommerce_thumbnail\" alt=\"\" srcset=\"https:\/\/fomedu.com\/wp-content\/uploads\/2023\/08\/chr-26-300x300.jpg 300w, https:\/\/fomedu.com\/wp-content\/uploads\/2023\/08\/chr-26-1024x1024.jpg 1024w, https:\/\/fomedu.com\/wp-content\/uploads\/2023\/08\/chr-26-150x150.jpg 150w, https:\/\/fomedu.com\/wp-content\/uploads\/2023\/08\/chr-26-768x768.jpg 768w, https:\/\/fomedu.com\/wp-content\/uploads\/2023\/08\/chr-26-800x800.jpg 800w, https:\/\/fomedu.com\/wp-content\/uploads\/2023\/08\/chr-26-1000x1000.jpg 1000w, https:\/\/fomedu.com\/wp-content\/uploads\/2023\/08\/chr-26-600x600.jpg 600w, https:\/\/fomedu.com\/wp-content\/uploads\/2023\/08\/chr-26-200x200.jpg 200w, https:\/\/fomedu.com\/wp-content\/uploads\/2023\/08\/chr-26.jpg 1200w\" sizes=\"auto, (max-width: 300px) 100vw, 300px\" \/>\t\t<\/div>\n\n\t\t<div class=\"product-details-wrapper\">\n\n\t\t\t<div class=\"product-details\">\n\n\n\t\t\t\t<h2 class=\"woocommerce-loop-product__title\">Chr026<\/h2>\n<\/a>\n\t\t\t<\/div>\n\n\t\t<\/div>\n\n\t<\/div>\n\n<\/li>\n\t\t\t<\/ul>\n\t\t<\/div><!-- .cell -->\n    <\/div><!-- .grid-x -->\n<\/div><!-- .grid-container --><\/div>[vc_empty_space height=&#8221;40px&#8221;][\/vc_column][\/vc_row][vc_row css_animation=&#8221;none&#8221;][vc_column offset=&#8221;vc_col-lg-3 vc_col-md-2&#8243;][\/vc_column][vc_column offset=&#8221;vc_col-lg-6 vc_col-md-8&#8243; css=&#8221;.vc_custom_1541501512790{padding-right: 45px !important;padding-left: 45px !important;}&#8221;][vc_row_inner][vc_column_inner][vc_column_text]<\/p>\n<h2 class=\"p1\" style=\"text-align: center;\">It\u2019s all New,<br \/>\nIt all arrived this week<\/h2>\n<p style=\"text-align: center;\"><span style=\"color: #000000;\">Furniture axe heirloom ethical man bun sustainable. Pickled normcore selvage, bespoke four dollar toast neutra chartreuse vinyl.<\/span><\/p>\n<p>[\/vc_column_text][\/vc_column_inner][\/vc_row_inner][vc_empty_space height=&#8221;80px&#8221;][\/vc_column][vc_column offset=&#8221;vc_col-lg-3 vc_col-md-2&#8243;][\/vc_column][\/vc_row][vc_row full_width=&#8221;stretch_row_content&#8221; equal_height=&#8221;yes&#8221; content_placement=&#8221;top&#8221;][vc_column width=&#8221;1\/2&#8243; css=&#8221;.vc_custom_1545309677913{background: #eeeeee url(https:\/\/barberry.temashdesign.me\/furnituredemo\/wp-content\/uploads\/sites\/3\/2018\/12\/home-bg-01.jpg?id=3717) !important;background-position: center !important;background-repeat: no-repeat !important;background-size: cover !important;}&#8221;][vc_row_inner][vc_column_inner width=&#8221;1\/12&#8243; css=&#8221;.vc_custom_1540721020589{padding-top: 3vw !important;padding-bottom: 12vw !important;padding-left: 5vw !important;}&#8221; offset=&#8221;vc_hidden-sm vc_hidden-xs&#8221;][\/vc_column_inner][vc_column_inner width=&#8221;11\/12&#8243; css=&#8221;.vc_custom_1540721044935{padding-top: 3vw !important;padding-bottom: 12vw !important;padding-left: 4vw !important;}&#8221;][vc_column_text]<\/p>\n<h3 style=\"text-align: left;\">Visit Us<\/h3>\n<p>Head Office<br \/>\n16 Boulevard Saint-Germain<br \/>\n75005 Paris[\/vc_column_text][\/vc_column_inner][\/vc_row_inner][\/vc_column][vc_column width=&#8221;1\/2&#8243; css=&#8221;.vc_custom_1545309688400{background: #e9e1d6 url(https:\/\/barberry.temashdesign.me\/furnituredemo\/wp-content\/uploads\/sites\/3\/2018\/12\/home-bg-02.jpg?id=3716) !important;background-position: center !important;background-repeat: no-repeat !important;background-size: cover !important;}&#8221;][vc_row_inner][vc_column_inner css=&#8221;.vc_custom_1540720824052{padding-top: 3vw !important;padding-bottom: 12vw !important;padding-left: 4vw !important;}&#8221;][vc_column_text]<\/p>\n<h3 style=\"text-align: left;\">Follow Our Store<br \/>\nOn Instagram<\/h3>\n<p>[\/vc_column_text][\/vc_column_inner][\/vc_row_inner][\/vc_column][\/vc_row]<\/p>\n<\/section>","protected":false},"excerpt":{"rendered":"<p>[vc_row full_width=&#8221;stretch_row_content_no_spaces&#8221; el_class=&#8221;home-slider&#8221;][vc_column][vc_row_inner][vc_column_inner offset=&#8221;vc_hidden-sm vc_hidden-xs&#8221;][vc_empty_space height=&#8221;4vw&#8221;][\/vc_column_inner][\/vc_row_inner][vc_row_inner][vc_column_inner offset=&#8221;vc_hidden-lg vc_hidden-md&#8221;][vc_empty_space height=&#8221;40px&#8221;][\/vc_column_inner][\/vc_row_inner][\/vc_column][\/vc_row][vc_row full_width=&#8221;stretch_row&#8221; css_animation=&#8221;none&#8221;][vc_column css_animation=&#8221;none&#8221;][\/vc_column][\/vc_row][vc_row full_width=&#8221;stretch_row&#8221; css_animation=&#8221;none&#8221;][vc_column css_animation=&#8221;none&#8221;][vc_custom_heading text=&#8221;Recent Products&#8221; font_container=&#8221;tag:h3|text_align:center&#8221; use_theme_fonts=&#8221;yes&#8221; css=&#8221;.vc_custom_1541512558503{margin-bottom:\u2026<\/p>\n","protected":false},"author":1,"featured_media":0,"parent":0,"menu_order":0,"comment_status":"closed","ping_status":"closed","template":"","meta":{"footnotes":""},"class_list":["post-3488","page","type-page","status-publish","hentry"],"_links":{"self":[{"href":"https:\/\/fomedu.com\/index.php\/wp-json\/wp\/v2\/pages\/3488","targetHints":{"allow":["GET"]}}],"collection":[{"href":"https:\/\/fomedu.com\/index.php\/wp-json\/wp\/v2\/pages"}],"about":[{"href":"https:\/\/fomedu.com\/index.php\/wp-json\/wp\/v2\/types\/page"}],"author":[{"embeddable":true,"href":"https:\/\/fomedu.com\/index.php\/wp-json\/wp\/v2\/users\/1"}],"replies":[{"embeddable":true,"href":"https:\/\/fomedu.com\/index.php\/wp-json\/wp\/v2\/comments?post=3488"}],"version-history":[{"count":1,"href":"https:\/\/fomedu.com\/index.php\/wp-json\/wp\/v2\/pages\/3488\/revisions"}],"predecessor-version":[{"id":3889,"href":"https:\/\/fomedu.com\/index.php\/wp-json\/wp\/v2\/pages\/3488\/revisions\/3889"}],"wp:attachment":[{"href":"https:\/\/fomedu.com\/index.php\/wp-json\/wp\/v2\/media?parent=3488"}],"curies":[{"name":"wp","href":"https:\/\/api.w.org\/{rel}","templated":true}]}}